{"id":17,"date":"2016-10-20T09:45:39","date_gmt":"2016-10-20T09:45:39","guid":{"rendered":"http:\/\/beta.anticdaro.com\/?page_id=17"},"modified":"2024-09-23T09:47:59","modified_gmt":"2024-09-23T09:47:59","slug":"home","status":"publish","type":"page","link":"https:\/\/anticdaro.com\/en\/","title":{"rendered":"Antic Dar\u00f3"},"content":{"rendered":"<div class=\"fusion-fullwidth fullwidth-box fusion-builder-row-1 fusion-flex-container has-pattern-background has-mask-background nonhundred-percent-fullwidth non-hundred-percent-height-scrolling\" style=\"--awb-border-radius-top-left:0px;--awb-border-radius-top-right:0px;--awb-border-radius-bottom-right:0px;--awb-border-radius-bottom-left:0px;--awb-flex-wrap:wrap;\" ><div class=\"fusion-builder-row fusion-row fusion-flex-align-items-flex-start fusion-flex-content-wrap\" style=\"max-width:1144px;margin-left: calc(-4% \/ 2 );margin-right: calc(-4% \/ 2 );\"><div class=\"fusion-layout-column fusion_builder_column fusion-builder-column-0 fusion_builder_column_1_1 1_1 fusion-flex-column\" style=\"--awb-bg-size:cover;--awb-width-large:100%;--awb-margin-top-large:0px;--awb-spacing-right-large:1.92%;--awb-margin-bottom-large:20px;--awb-spacing-left-large:1.92%;--awb-width-medium:100%;--awb-order-medium:0;--awb-spacing-right-medium:1.92%;--awb-spacing-left-medium:1.92%;--awb-width-small:100%;--awb-order-small:0;--awb-spacing-right-small:1.92%;--awb-spacing-left-small:1.92%;\" data-scroll-devices=\"small-visibility,medium-visibility,large-visibility\"><div class=\"fusion-column-wrapper fusion-column-has-shadow fusion-flex-justify-content-flex-start fusion-content-layout-column\"><a class=\"fusion-modal-text-link\" data-toggle=\"modal\" data-target=\".fusion-modal.pdf\" href=\"#\"><div class=\"_df_book df-lite\" id=\"df_634\"  _slug=\"634\" data-title=\"pdf\" wpoptions=\"true\" thumbtype=\"\" ><\/div><script class=\"df-shortcode-script\" nowprocket type=\"application\/javascript\">window.option_df_634 = {\"outline\":[],\"backgroundColor\":\"#fffff\",\"autoEnableOutline\":\"false\",\"autoEnableThumbnail\":\"false\",\"overwritePDFOutline\":\"false\",\"direction\":\"1\",\"pageSize\":\"0\",\"soundEnable\":\"false\",\"autoPlay\":\"false\",\"source\":\"https:\\\/\\\/anticdaro.com\\\/wp-content\\\/uploads\\\/2024\\\/09\\\/Antic-Daro-rellotgers.pdf\",\"wpOptions\":\"true\"}; if(window.DFLIP && window.DFLIP.parseBooks){window.DFLIP.parseBooks();}<\/script>\n<\/a><\/div><\/div><\/div><\/div>\n","protected":false},"excerpt":{"rendered":"","protected":false},"author":2,"featured_media":0,"parent":0,"menu_order":0,"comment_status":"closed","ping_status":"closed","template":"","meta":{"footnotes":""},"yoast_head":"<!-- This site is optimized with the Yoast SEO plugin v23.4 - https:\/\/yoast.com\/wordpress\/plugins\/seo\/ -->\n<title>Relojer\u00eda Antic Dar\u00f3<\/title>\n<meta name=\"description\" content=\"Antic Dar\u00f3 es una empresa situada desde 1995 en la Bisbal d\u2019Empord\u00e0, dedicada exclusivamente desde hace m\u00e1s de 20 a\u00f1os al mundo de los relojes antiguos.\" \/>\n<meta name=\"robots\" content=\"index, follow, max-snippet:-1, max-image-preview:large, max-video-preview:-1\" \/>\n<link rel=\"canonical\" href=\"https:\/\/anticdaro.com\/\" \/>\n<meta property=\"og:locale\" content=\"en_US\" \/>\n<meta property=\"og:type\" content=\"article\" \/>\n<meta property=\"og:title\" content=\"[:ca]Relojer\u00eda Antic Dar\u00f3[:es]Rellotgeria Antic Dar\u00f3[:en]Relojer\u00eda Antic Dar\u00f3[:]\" \/>\n<meta property=\"og:description\" content=\"{:ca}Antic Dar\u00f3 es una empresa situada desde 1995 en la Bisbal d\u2019Empord\u00e0, dedicada exclusivamente desde hace m\u00e1s de 20 a\u00f1os al mundo de los relojes antiguos.{:es}{Antic Dar\u00f3 \u00e9s una empresa situada des de 1995 a la Bisbal d\u2019 Empord\u00e0, i des de fa m\u00e9s de 20 anys dedicada exclusivament al m\u00f3n dels rellotges antics.{:en}Antic Dar\u00f3 es una empresa situada desde 1995 en la Bisbal d\u2019Empord\u00e0, dedicada exclusivamente desde hace m\u00e1s de 20 a\u00f1os al mundo de los relojes antiguos.{:}\" \/>\n<meta property=\"og:url\" content=\"https:\/\/anticdaro.com\/\" \/>\n<meta property=\"og:site_name\" content=\"Antic Dar\u00f3\" \/>\n<meta property=\"article:modified_time\" content=\"2024-09-23T09:47:59+00:00\" \/>\n<meta name=\"twitter:card\" content=\"summary_large_image\" \/>\n<script type=\"application\/ld+json\" class=\"yoast-schema-graph\">{\"@context\":\"https:\/\/schema.org\",\"@graph\":[{\"@type\":\"WebPage\",\"@id\":\"https:\/\/anticdaro.com\/\",\"url\":\"https:\/\/anticdaro.com\/\",\"name\":\"[:ca]Relojer\u00eda Antic Dar\u00f3[:es]Rellotgeria Antic Dar\u00f3[:en]Relojer\u00eda Antic Dar\u00f3[:]\",\"isPartOf\":{\"@id\":\"https:\/\/anticdaro.com\/#website\"},\"datePublished\":\"2016-10-20T09:45:39+00:00\",\"dateModified\":\"2024-09-23T09:47:59+00:00\",\"description\":\"{:ca}Antic Dar\u00f3 es una empresa situada desde 1995 en la Bisbal d\u2019Empord\u00e0, dedicada exclusivamente desde hace m\u00e1s de 20 a\u00f1os al mundo de los relojes antiguos.{:es}{Antic Dar\u00f3 \u00e9s una empresa situada des de 1995 a la Bisbal d\u2019 Empord\u00e0, i des de fa m\u00e9s de 20 anys dedicada exclusivament al m\u00f3n dels rellotges antics.{:en}Antic Dar\u00f3 es una empresa situada desde 1995 en la Bisbal d\u2019Empord\u00e0, dedicada exclusivamente desde hace m\u00e1s de 20 a\u00f1os al mundo de los relojes antiguos.{:}\",\"breadcrumb\":{\"@id\":\"https:\/\/anticdaro.com\/#breadcrumb\"},\"inLanguage\":\"en-US\",\"potentialAction\":[{\"@type\":\"ReadAction\",\"target\":[\"https:\/\/anticdaro.com\/\"]}]},{\"@type\":\"BreadcrumbList\",\"@id\":\"https:\/\/anticdaro.com\/#breadcrumb\",\"itemListElement\":[{\"@type\":\"ListItem\",\"position\":1,\"name\":\"Inici\",\"item\":\"https:\/\/anticdaro.com\/\"},{\"@type\":\"ListItem\",\"position\":2,\"name\":\"Antic Dar\u00f3\"}]},{\"@type\":\"WebSite\",\"@id\":\"https:\/\/anticdaro.com\/#website\",\"url\":\"https:\/\/anticdaro.com\/\",\"name\":\"Antic Dar\u00f3\",\"description\":\"Rellotgeria\",\"publisher\":{\"@id\":\"https:\/\/anticdaro.com\/#organization\"},\"potentialAction\":[{\"@type\":\"SearchAction\",\"target\":{\"@type\":\"EntryPoint\",\"urlTemplate\":\"https:\/\/anticdaro.com\/?s={search_term_string}\"},\"query-input\":{\"@type\":\"PropertyValueSpecification\",\"valueRequired\":true,\"valueName\":\"search_term_string\"}}],\"inLanguage\":\"en-US\"},{\"@type\":\"Organization\",\"@id\":\"https:\/\/anticdaro.com\/#organization\",\"name\":\"Antic Dar\u00f3\",\"url\":\"https:\/\/anticdaro.com\/\",\"logo\":{\"@type\":\"ImageObject\",\"inLanguage\":\"en-US\",\"@id\":\"https:\/\/anticdaro.com\/#\/schema\/logo\/image\/\",\"url\":\"https:\/\/anticdaro.com\/wp-content\/uploads\/2016\/11\/logo-anticdaro.png\",\"contentUrl\":\"https:\/\/anticdaro.com\/wp-content\/uploads\/2016\/11\/logo-anticdaro.png\",\"width\":299,\"height\":50,\"caption\":\"Antic Dar\u00f3\"},\"image\":{\"@id\":\"https:\/\/anticdaro.com\/#\/schema\/logo\/image\/\"}}]}<\/script>\n<!-- \/ Yoast SEO plugin. -->","yoast_head_json":{"title":"Relojer\u00eda Antic Dar\u00f3","description":"Antic Dar\u00f3 es una empresa situada desde 1995 en la Bisbal d\u2019Empord\u00e0, dedicada exclusivamente desde hace m\u00e1s de 20 a\u00f1os al mundo de los relojes antiguos.","robots":{"index":"index","follow":"follow","max-snippet":"max-snippet:-1","max-image-preview":"max-image-preview:large","max-video-preview":"max-video-preview:-1"},"canonical":"https:\/\/anticdaro.com\/","og_locale":"en_US","og_type":"article","og_title":"[:ca]Relojer\u00eda Antic Dar\u00f3[:es]Rellotgeria Antic Dar\u00f3[:en]Relojer\u00eda Antic Dar\u00f3[:]","og_description":"{:ca}Antic Dar\u00f3 es una empresa situada desde 1995 en la Bisbal d\u2019Empord\u00e0, dedicada exclusivamente desde hace m\u00e1s de 20 a\u00f1os al mundo de los relojes antiguos.{:es}{Antic Dar\u00f3 \u00e9s una empresa situada des de 1995 a la Bisbal d\u2019 Empord\u00e0, i des de fa m\u00e9s de 20 anys dedicada exclusivament al m\u00f3n dels rellotges antics.{:en}Antic Dar\u00f3 es una empresa situada desde 1995 en la Bisbal d\u2019Empord\u00e0, dedicada exclusivamente desde hace m\u00e1s de 20 a\u00f1os al mundo de los relojes antiguos.{:}","og_url":"https:\/\/anticdaro.com\/","og_site_name":"Antic Dar\u00f3","article_modified_time":"2024-09-23T09:47:59+00:00","twitter_card":"summary_large_image","schema":{"@context":"https:\/\/schema.org","@graph":[{"@type":"WebPage","@id":"https:\/\/anticdaro.com\/","url":"https:\/\/anticdaro.com\/","name":"[:ca]Relojer\u00eda Antic Dar\u00f3[:es]Rellotgeria Antic Dar\u00f3[:en]Relojer\u00eda Antic Dar\u00f3[:]","isPartOf":{"@id":"https:\/\/anticdaro.com\/#website"},"datePublished":"2016-10-20T09:45:39+00:00","dateModified":"2024-09-23T09:47:59+00:00","description":"{:ca}Antic Dar\u00f3 es una empresa situada desde 1995 en la Bisbal d\u2019Empord\u00e0, dedicada exclusivamente desde hace m\u00e1s de 20 a\u00f1os al mundo de los relojes antiguos.{:es}{Antic Dar\u00f3 \u00e9s una empresa situada des de 1995 a la Bisbal d\u2019 Empord\u00e0, i des de fa m\u00e9s de 20 anys dedicada exclusivament al m\u00f3n dels rellotges antics.{:en}Antic Dar\u00f3 es una empresa situada desde 1995 en la Bisbal d\u2019Empord\u00e0, dedicada exclusivamente desde hace m\u00e1s de 20 a\u00f1os al mundo de los relojes antiguos.{:}","breadcrumb":{"@id":"https:\/\/anticdaro.com\/#breadcrumb"},"inLanguage":"en-US","potentialAction":[{"@type":"ReadAction","target":["https:\/\/anticdaro.com\/"]}]},{"@type":"BreadcrumbList","@id":"https:\/\/anticdaro.com\/#breadcrumb","itemListElement":[{"@type":"ListItem","position":1,"name":"Inici","item":"https:\/\/anticdaro.com\/"},{"@type":"ListItem","position":2,"name":"Antic Dar\u00f3"}]},{"@type":"WebSite","@id":"https:\/\/anticdaro.com\/#website","url":"https:\/\/anticdaro.com\/","name":"Antic Dar\u00f3","description":"Rellotgeria","publisher":{"@id":"https:\/\/anticdaro.com\/#organization"},"potentialAction":[{"@type":"SearchAction","target":{"@type":"EntryPoint","urlTemplate":"https:\/\/anticdaro.com\/?s={search_term_string}"},"query-input":{"@type":"PropertyValueSpecification","valueRequired":true,"valueName":"search_term_string"}}],"inLanguage":"en-US"},{"@type":"Organization","@id":"https:\/\/anticdaro.com\/#organization","name":"Antic Dar\u00f3","url":"https:\/\/anticdaro.com\/","logo":{"@type":"ImageObject","inLanguage":"en-US","@id":"https:\/\/anticdaro.com\/#\/schema\/logo\/image\/","url":"https:\/\/anticdaro.com\/wp-content\/uploads\/2016\/11\/logo-anticdaro.png","contentUrl":"https:\/\/anticdaro.com\/wp-content\/uploads\/2016\/11\/logo-anticdaro.png","width":299,"height":50,"caption":"Antic Dar\u00f3"},"image":{"@id":"https:\/\/anticdaro.com\/#\/schema\/logo\/image\/"}}]}},"_links":{"self":[{"href":"https:\/\/anticdaro.com\/en\/wp-json\/wp\/v2\/pages\/17"}],"collection":[{"href":"https:\/\/anticdaro.com\/en\/wp-json\/wp\/v2\/pages"}],"about":[{"href":"https:\/\/anticdaro.com\/en\/wp-json\/wp\/v2\/types\/page"}],"author":[{"embeddable":true,"href":"https:\/\/anticdaro.com\/en\/wp-json\/wp\/v2\/users\/2"}],"replies":[{"embeddable":true,"href":"https:\/\/anticdaro.com\/en\/wp-json\/wp\/v2\/comments?post=17"}],"version-history":[{"count":0,"href":"https:\/\/anticdaro.com\/en\/wp-json\/wp\/v2\/pages\/17\/revisions"}],"wp:attachment":[{"href":"https:\/\/anticdaro.com\/en\/wp-json\/wp\/v2\/media?parent=17"}],"curies":[{"name":"wp","href":"https:\/\/api.w.org\/{rel}","templated":true}]}}