{"id":566,"date":"2024-07-12T14:22:53","date_gmt":"2024-07-12T14:22:53","guid":{"rendered":"https:\/\/anticdaro.com\/?page_id=566"},"modified":"2024-07-12T14:32:20","modified_gmt":"2024-07-12T14:32:20","slug":"avis-legal","status":"publish","type":"page","link":"https:\/\/anticdaro.com\/es\/avis-legal\/","title":{"rendered":"Aviso Legal"},"content":{"rendered":"<p><div class=\"fusion-fullwidth fullwidth-box fusion-builder-row-2 fusion-flex-container nonhundred-percent-fullwidth non-hundred-percent-height-scrolling\" style=\"--awb-border-radius-top-left:0px;--awb-border-radius-top-right:0px;--awb-border-radius-bottom-right:0px;--awb-border-radius-bottom-left:0px;--awb-flex-wrap:wrap;\" ><div class=\"fusion-builder-row fusion-row fusion-flex-align-items-flex-start fusion-flex-content-wrap\" style=\"max-width:1144px;margin-left: calc(-4% \/ 2 );margin-right: calc(-4% \/ 2 );\"><div class=\"fusion-layout-column fusion_builder_column fusion-builder-column-1 fusion_builder_column_1_1 1_1 fusion-flex-column\" style=\"--awb-bg-size:cover;--awb-width-large:100%;--awb-margin-top-large:0px;--awb-spacing-right-large:1.92%;--awb-margin-bottom-large:0px;--awb-spacing-left-large:1.92%;--awb-width-medium:100%;--awb-spacing-right-medium:1.92%;--awb-spacing-left-medium:1.92%;--awb-width-small:100%;--awb-spacing-right-small:1.92%;--awb-spacing-left-small:1.92%;\"><div class=\"fusion-column-wrapper fusion-flex-justify-content-flex-start fusion-content-layout-column\"><div class=\"fusion-text fusion-text-2\"><h2><span style=\"color: #000000;\"><b>Informaci\u00f3n de conformidad con el art\u00edculo 10 de la LSSI<\/b><\/span><\/h2>\n<h2><b>El titular de esta web es:<\/b><\/h2>\n<p><span style=\"font-weight: 400;\">Identidad: <\/span> <span style=\"font-weight: 400;\">J<\/span><span style=\"font-weight: 400;\">aume Dom\u00e8nech Ribera<\/span><\/p>\n<p><span style=\"font-weight: 400;\">NIF: <\/span><span style=\"font-weight: 400;\">33871530M<\/span><\/p>\n<p><span style=\"font-weight: 400;\">Direcci\u00f3n:<\/span> <span style=\"font-weight: 400;\">Calle Sis D&#8217;octubre De 1869, 59, La Bisbal D&#8217;emporda, 17100, Gerona<\/span><\/p>\n<p><span style=\"font-weight: 400;\">Tel.: <\/span><span style=\"font-weight: 400;\">639 98 24 10<\/span><\/p>\n<p><span style=\"font-weight: 400;\">Email:<\/span> <span style=\"font-weight: 400;\">info@anticdaro.com<\/span><\/p>\n<p><span style=\"font-weight: 400;\">\u00a0<\/span><\/p>\n<h2><b>Condiciones de uso<\/b><\/h2>\n<p><span style=\"font-weight: 400;\">El uso de esta web implica la aceptaci\u00f3n plena de los t\u00e9rminos y condiciones del presente aviso legal. <\/span><\/p>\n<h2><b>Propiedad intelectual e industrial<\/b><\/h2>\n<p><span style=\"font-weight: 400;\">La totalidad del contenido de este sitio web, ya sean textos, im\u00e1genes, sonidos, marcas, logotipos u otros elementos, as\u00ed como subestructura, dise\u00f1o, combinaciones de colores o forma de presentaci\u00f3n de los materiales, est\u00e1n protegidos por derechos de propiedad industrial e intelectual que el usuario de este sitio web debe respetar. No es l\u00edcita su transformaci\u00f3n o alteraci\u00f3n, comunicaci\u00f3n p\u00fablica o cualquier otra forma de explotaci\u00f3n por cualquier procedimiento sin la autorizaci\u00f3n expresa de J<\/span><span style=\"font-weight: 400;\">aume Dom\u00e8nech Ribera<\/span><span style=\"font-weight: 400;\">.<\/span><\/p>\n<h2><b>Responsabilidad sobre los contenidos<\/b><\/h2>\n<p><span style=\"font-weight: 400;\">Aunque J<\/span><span style=\"font-weight: 400;\">aume Dom\u00e8nech Ribera<\/span><span style=\"font-weight: 400;\"> act\u00faa con la m\u00e1xima diligencia posible, puede darse el caso de que alg\u00fan dato o informaci\u00f3n no est\u00e9 del todo actualizada en el momento que el usuario del sitio web lo consulte. Por ello, las informaciones que se presentan en esta web tienen una funci\u00f3n orientativa y no obligan a J<\/span><span style=\"font-weight: 400;\">aume Dom\u00e8nech Ribera<\/span><\/p>\n<p><span style=\"font-weight: 400;\">J<\/span><span style=\"font-weight: 400;\">aume Dom\u00e8nech Ribera <\/span><span style=\"font-weight: 400;\">no ser\u00e1 responsable de la informaci\u00f3n que se pueda obtener a trav\u00e9s de enlaces incluidos en su web.<\/span><\/p>\n<p><span style=\"color: var(--awb-text-color); font-family: var(--awb-text-font-family); font-size: var(--awb-font-size); font-style: var(--awb-text-font-style); letter-spacing: var(--awb-letter-spacing); text-align: var(--awb-content-alignment); text-transform: var(--awb-text-transform); background-color: var(--awb-bg-color-hover);\">J<\/span><span style=\"color: var(--awb-text-color); font-family: var(--awb-text-font-family); font-size: var(--awb-font-size); font-style: var(--awb-text-font-style); letter-spacing: var(--awb-letter-spacing); text-align: var(--awb-content-alignment); text-transform: var(--awb-text-transform); background-color: var(--awb-bg-color-hover);\">aume Dom\u00e8nech Ribera<\/span><span style=\"color: var(--awb-text-color); font-family: var(--awb-text-font-family); font-size: var(--awb-font-size); font-style: var(--awb-text-font-style); letter-spacing: var(--awb-letter-spacing); text-align: var(--awb-content-alignment); text-transform: var(--awb-text-transform); background-color: var(--awb-bg-color-hover);\"> se reserva la facultad de realizar, en cualquier momento y sin necesidad de preaviso, modificaciones o actualizaciones de la informaci\u00f3n y de cualquiera de los elementos que integren el dise\u00f1o y configuraci\u00f3n de la p\u00e1gina web.<\/span><\/p>\n<h2><b style=\"color: var(--awb-text-color); font-family: var(--awb-text-font-family); font-size: var(--awb-font-size); font-style: var(--awb-text-font-style); letter-spacing: var(--awb-letter-spacing); text-align: var(--awb-content-alignment); text-transform: var(--awb-text-transform); background-color: var(--awb-bg-color-hover);\">Ley aplicable y jurisdicci\u00f3n:<\/b><\/h2>\n<p><span style=\"font-weight: 400;\">El uso de este sitio web implica la aceptaci\u00f3n plena de los t\u00e9rminos y condiciones de la presente pol\u00edtica legal. Los posibles conflictos relativos a esta web se regir\u00e1n o interpretar\u00e1n conforme a la legislaci\u00f3n espa\u00f1ola y se someter\u00e1n a los Juzgados y Tribunales del domicilio del usuario, cuando este tenga la condici\u00f3n de consumidor o usuario de conformidad con el art. 3 del Real Decreto Legislativo 1\/2007, de 16 de noviembre, por el que se aprueba el texto refundido de la Ley General para la Defensa de los Consumidores y Usuarios y otras leyes complementarias; en caso contrario, ser\u00e1n competentes los Juzgados y Tribunales del domicilio de J<\/span><span style=\"font-weight: 400;\">aume Dom\u00e8nech Ribera<\/span><span style=\"font-weight: 400;\">.<\/span><\/p>\n<p>&nbsp;<\/p>\n<\/div><\/div><\/div><\/div><\/div><\/p>","protected":false},"excerpt":{"rendered":"","protected":false},"author":2,"featured_media":0,"parent":0,"menu_order":0,"comment_status":"closed","ping_status":"closed","template":"","meta":{"footnotes":""},"yoast_head":"<!-- This site is optimized with the Yoast SEO plugin v23.4 - https:\/\/yoast.com\/wordpress\/plugins\/seo\/ -->\n<title>Aviso Legal - Antic Dar\u00f3<\/title>\n<meta name=\"robots\" content=\"index, follow, max-snippet:-1, max-image-preview:large, max-video-preview:-1\" \/>\n<link rel=\"canonical\" href=\"https:\/\/anticdaro.com\/avis-legal\/\" \/>\n<meta property=\"og:locale\" content=\"es_ES\" \/>\n<meta property=\"og:type\" content=\"article\" \/>\n<meta property=\"og:title\" content=\"Aviso Legal - Antic Dar\u00f3\" \/>\n<meta property=\"og:url\" content=\"https:\/\/anticdaro.com\/avis-legal\/\" \/>\n<meta property=\"og:site_name\" content=\"Antic Dar\u00f3\" \/>\n<meta property=\"article:modified_time\" content=\"2024-07-12T14:32:20+00:00\" \/>\n<meta name=\"twitter:card\" content=\"summary_large_image\" \/>\n<meta name=\"twitter:label1\" content=\"Tiempo de lectura\" \/>\n\t<meta name=\"twitter:data1\" content=\"3 minutos\" \/>\n<script type=\"application\/ld+json\" class=\"yoast-schema-graph\">{\"@context\":\"https:\/\/schema.org\",\"@graph\":[{\"@type\":\"WebPage\",\"@id\":\"https:\/\/anticdaro.com\/avis-legal\/\",\"url\":\"https:\/\/anticdaro.com\/avis-legal\/\",\"name\":\"Aviso Legal - Antic Dar\u00f3\",\"isPartOf\":{\"@id\":\"https:\/\/anticdaro.com\/#website\"},\"datePublished\":\"2024-07-12T14:22:53+00:00\",\"dateModified\":\"2024-07-12T14:32:20+00:00\",\"breadcrumb\":{\"@id\":\"https:\/\/anticdaro.com\/avis-legal\/#breadcrumb\"},\"inLanguage\":\"es\",\"potentialAction\":[{\"@type\":\"ReadAction\",\"target\":[\"https:\/\/anticdaro.com\/avis-legal\/\"]}]},{\"@type\":\"BreadcrumbList\",\"@id\":\"https:\/\/anticdaro.com\/avis-legal\/#breadcrumb\",\"itemListElement\":[{\"@type\":\"ListItem\",\"position\":1,\"name\":\"Inici\",\"item\":\"https:\/\/anticdaro.com\/\"},{\"@type\":\"ListItem\",\"position\":2,\"name\":\"Av\u00eds Legal\"}]},{\"@type\":\"WebSite\",\"@id\":\"https:\/\/anticdaro.com\/#website\",\"url\":\"https:\/\/anticdaro.com\/\",\"name\":\"Antic Dar\u00f3\",\"description\":\"Rellotgeria\",\"publisher\":{\"@id\":\"https:\/\/anticdaro.com\/#organization\"},\"potentialAction\":[{\"@type\":\"SearchAction\",\"target\":{\"@type\":\"EntryPoint\",\"urlTemplate\":\"https:\/\/anticdaro.com\/?s={search_term_string}\"},\"query-input\":{\"@type\":\"PropertyValueSpecification\",\"valueRequired\":true,\"valueName\":\"search_term_string\"}}],\"inLanguage\":\"es\"},{\"@type\":\"Organization\",\"@id\":\"https:\/\/anticdaro.com\/#organization\",\"name\":\"Antic Dar\u00f3\",\"url\":\"https:\/\/anticdaro.com\/\",\"logo\":{\"@type\":\"ImageObject\",\"inLanguage\":\"es\",\"@id\":\"https:\/\/anticdaro.com\/#\/schema\/logo\/image\/\",\"url\":\"https:\/\/anticdaro.com\/wp-content\/uploads\/2016\/11\/logo-anticdaro.png\",\"contentUrl\":\"https:\/\/anticdaro.com\/wp-content\/uploads\/2016\/11\/logo-anticdaro.png\",\"width\":299,\"height\":50,\"caption\":\"Antic Dar\u00f3\"},\"image\":{\"@id\":\"https:\/\/anticdaro.com\/#\/schema\/logo\/image\/\"}}]}<\/script>\n<!-- \/ Yoast SEO plugin. -->","yoast_head_json":{"title":"Aviso Legal - Antic Dar\u00f3","robots":{"index":"index","follow":"follow","max-snippet":"max-snippet:-1","max-image-preview":"max-image-preview:large","max-video-preview":"max-video-preview:-1"},"canonical":"https:\/\/anticdaro.com\/avis-legal\/","og_locale":"es_ES","og_type":"article","og_title":"Aviso Legal - Antic Dar\u00f3","og_url":"https:\/\/anticdaro.com\/avis-legal\/","og_site_name":"Antic Dar\u00f3","article_modified_time":"2024-07-12T14:32:20+00:00","twitter_card":"summary_large_image","twitter_misc":{"Tiempo de lectura":"3 minutos"},"schema":{"@context":"https:\/\/schema.org","@graph":[{"@type":"WebPage","@id":"https:\/\/anticdaro.com\/avis-legal\/","url":"https:\/\/anticdaro.com\/avis-legal\/","name":"Aviso Legal - Antic Dar\u00f3","isPartOf":{"@id":"https:\/\/anticdaro.com\/#website"},"datePublished":"2024-07-12T14:22:53+00:00","dateModified":"2024-07-12T14:32:20+00:00","breadcrumb":{"@id":"https:\/\/anticdaro.com\/avis-legal\/#breadcrumb"},"inLanguage":"es","potentialAction":[{"@type":"ReadAction","target":["https:\/\/anticdaro.com\/avis-legal\/"]}]},{"@type":"BreadcrumbList","@id":"https:\/\/anticdaro.com\/avis-legal\/#breadcrumb","itemListElement":[{"@type":"ListItem","position":1,"name":"Inici","item":"https:\/\/anticdaro.com\/"},{"@type":"ListItem","position":2,"name":"Av\u00eds Legal"}]},{"@type":"WebSite","@id":"https:\/\/anticdaro.com\/#website","url":"https:\/\/anticdaro.com\/","name":"Antic Dar\u00f3","description":"Rellotgeria","publisher":{"@id":"https:\/\/anticdaro.com\/#organization"},"potentialAction":[{"@type":"SearchAction","target":{"@type":"EntryPoint","urlTemplate":"https:\/\/anticdaro.com\/?s={search_term_string}"},"query-input":{"@type":"PropertyValueSpecification","valueRequired":true,"valueName":"search_term_string"}}],"inLanguage":"es"},{"@type":"Organization","@id":"https:\/\/anticdaro.com\/#organization","name":"Antic Dar\u00f3","url":"https:\/\/anticdaro.com\/","logo":{"@type":"ImageObject","inLanguage":"es","@id":"https:\/\/anticdaro.com\/#\/schema\/logo\/image\/","url":"https:\/\/anticdaro.com\/wp-content\/uploads\/2016\/11\/logo-anticdaro.png","contentUrl":"https:\/\/anticdaro.com\/wp-content\/uploads\/2016\/11\/logo-anticdaro.png","width":299,"height":50,"caption":"Antic Dar\u00f3"},"image":{"@id":"https:\/\/anticdaro.com\/#\/schema\/logo\/image\/"}}]}},"_links":{"self":[{"href":"https:\/\/anticdaro.com\/es\/wp-json\/wp\/v2\/pages\/566"}],"collection":[{"href":"https:\/\/anticdaro.com\/es\/wp-json\/wp\/v2\/pages"}],"about":[{"href":"https:\/\/anticdaro.com\/es\/wp-json\/wp\/v2\/types\/page"}],"author":[{"embeddable":true,"href":"https:\/\/anticdaro.com\/es\/wp-json\/wp\/v2\/users\/2"}],"replies":[{"embeddable":true,"href":"https:\/\/anticdaro.com\/es\/wp-json\/wp\/v2\/comments?post=566"}],"version-history":[{"count":0,"href":"https:\/\/anticdaro.com\/es\/wp-json\/wp\/v2\/pages\/566\/revisions"}],"wp:attachment":[{"href":"https:\/\/anticdaro.com\/es\/wp-json\/wp\/v2\/media?parent=566"}],"curies":[{"name":"wp","href":"https:\/\/api.w.org\/{rel}","templated":true}]}}