{"id":81,"date":"2017-01-18T22:19:46","date_gmt":"2017-01-18T22:19:46","guid":{"rendered":"https:\/\/anticdaro.com\/?page_id=81"},"modified":"2024-07-12T13:23:49","modified_gmt":"2024-07-12T13:23:49","slug":"qui-som","status":"publish","type":"page","link":"https:\/\/anticdaro.com\/es\/qui-som\/","title":{"rendered":"QUIENES SOMOS?"},"content":{"rendered":"<p><div class=\"fusion-fullwidth fullwidth-box fusion-builder-row-2 nonhundred-percent-fullwidth non-hundred-percent-height-scrolling\" style=\"--awb-border-radius-top-left:0px;--awb-border-radius-top-right:0px;--awb-border-radius-bottom-right:0px;--awb-border-radius-bottom-left:0px;--awb-padding-top:20px;--awb-padding-bottom:20px;--awb-flex-wrap:wrap;\" ><div class=\"fusion-builder-row fusion-row\"><div class=\"fusion-layout-column fusion_builder_column fusion-builder-column-2 fusion_builder_column_1_2 1_2 fusion-one-half fusion-column-first\" style=\"--awb-bg-size:cover;width:50%;width:calc(50% - ( ( 4% ) * 0.5 ) );margin-right: 4%;\"><div class=\"fusion-column-wrapper fusion-flex-column-wrapper-legacy\"><div class=\"fusion-text fusion-text-2\"><div>\n<p style=\"text-align: justify;\">Antic Dar\u00f3 es una empresa situada desde 1995 en la Bisbal d&#8217;Empord\u00e0, dedicada exclusivamente desde hace m\u00e1s de 20 a\u00f1os al mundo de los relojes antiguos.<\/p>\n<p>Regentada por dos maestros relojeros titulados, Antic Dar\u00f3 ofrece servicios de compra, venta, reparaci\u00f3n y restauraci\u00f3n de toda clase de relojes. Todos los relojes se venden con garant\u00eda de funcionamiento e incluyen el transporte y la instalaci\u00f3n a domicilio.<\/p>\n<p>En la tienda, podemos encontrar desde gigantescos relojes de campanario, hechos de hierro forjado en el siglo XVIII, hasta el prestigio y calidad de las mejores marcas relojeras suizas.<\/p>\n<p>La asistencia a m\u00e1s de 30 ferias de arte y antig\u00fcedades, tanto a nivel nacional como internacional, avalan la calidad y constancia del trabajo bien hecho.<\/p>\n<p>Particulares, decoradores y grandes coleccionistas se dejan seducir por el m\u00e1gico mundo de la relojer\u00eda antigua, ya sea por los diferentes estilos decorativos, por la exclusividad de las piezas o por las incre\u00edbles complicaciones mec\u00e1nicas.<\/p>\n<\/div>\n<div><\/div>\n<\/div><div class=\"fusion-clearfix\"><\/div><\/div><\/div><div class=\"fusion-layout-column fusion_builder_column fusion-builder-column-3 fusion_builder_column_1_2 1_2 fusion-one-half fusion-column-last\" style=\"--awb-bg-size:cover;width:50%;width:calc(50% - ( ( 4% ) * 0.5 ) );\"><div class=\"fusion-column-wrapper fusion-flex-column-wrapper-legacy\"><div class=\"fusion-image-element in-legacy-container\" style=\"--awb-caption-title-font-family:var(--h2_typography-font-family);--awb-caption-title-font-weight:var(--h2_typography-font-weight);--awb-caption-title-font-style:var(--h2_typography-font-style);--awb-caption-title-size:var(--h2_typography-font-size);--awb-caption-title-transform:var(--h2_typography-text-transform);--awb-caption-title-line-height:var(--h2_typography-line-height);--awb-caption-title-letter-spacing:var(--h2_typography-letter-spacing);\"><span class=\" fusion-imageframe imageframe-none imageframe-2 hover-type-none\"><img decoding=\"async\" width=\"1024\" height=\"918\" alt=\"Rellotger\u00eda Antic Dar\u00f3\" title=\"Rellotger\u00eda Antic Dar\u00f3\" src=\"https:\/\/anticdaro.com\/wp-content\/uploads\/2017\/01\/DSCF5376-1024x918.jpg\" class=\"img-responsive wp-image-236\" srcset=\"https:\/\/anticdaro.com\/wp-content\/uploads\/2017\/01\/DSCF5376-200x179.jpg 200w, https:\/\/anticdaro.com\/wp-content\/uploads\/2017\/01\/DSCF5376-400x358.jpg 400w, https:\/\/anticdaro.com\/wp-content\/uploads\/2017\/01\/DSCF5376-600x538.jpg 600w, https:\/\/anticdaro.com\/wp-content\/uploads\/2017\/01\/DSCF5376-800x717.jpg 800w, https:\/\/anticdaro.com\/wp-content\/uploads\/2017\/01\/DSCF5376-1200x1075.jpg 1200w\" sizes=\"(max-width: 800px) 100vw, 600px\" \/><\/span><\/div><div class=\"fusion-clearfix\"><\/div><\/div><\/div><\/div><\/div><\/p>","protected":false},"excerpt":{"rendered":"","protected":false},"author":2,"featured_media":167,"parent":0,"menu_order":0,"comment_status":"closed","ping_status":"closed","template":"","meta":{"footnotes":""},"yoast_head":"<!-- This site is optimized with the Yoast SEO plugin v23.4 - https:\/\/yoast.com\/wordpress\/plugins\/seo\/ -->\n<title>Compra, venta, reparaci\u00f3n y restauraci\u00f3n de toda clase de relojes<\/title>\n<meta name=\"description\" content=\"Antic Dar\u00f3 ofrece servicios de compra, venta, reparaci\u00f3n y restauraci\u00f3n de toda clase de relojes. Todos los relojes se venden con garant\u00eda de funcionamiento\" \/>\n<meta name=\"robots\" content=\"index, follow, max-snippet:-1, max-image-preview:large, max-video-preview:-1\" \/>\n<link rel=\"canonical\" href=\"https:\/\/anticdaro.com\/qui-som\/\" \/>\n<meta property=\"og:locale\" content=\"es_ES\" \/>\n<meta property=\"og:type\" content=\"article\" \/>\n<meta property=\"og:title\" content=\"[:ca]Compra, venda, reparaci\u00f3 i restauraci\u00f3 de tota classe de rellotges[:es]Compra, venta, reparaci\u00f3n y restauraci\u00f3n de toda clase de relojes[:en]Compra, venda, reparaci\u00f3 i restauraci\u00f3 de tota classe de rellotges[:]\" \/>\n<meta property=\"og:description\" content=\"{:ca}Antic Dar\u00f3 d\u00f3na els serveis de compra, venda, reparaci\u00f3 i restauraci\u00f3 de tota classe de rellotges. Tots els rellotges es venen amb garantia de funcionament. {:es}Antic Dar\u00f3 ofrece servicios de compra, venta, reparaci\u00f3n y restauraci\u00f3n de toda clase de relojes. Todos los relojes se venden con garant\u00eda de funcionamiento{:en}Antic Dar\u00f3 d\u00f3na els serveis de compra, venda, reparaci\u00f3 i restauraci\u00f3 de tota classe de rellotges. Tots els rellotges es venen amb garantia de funcionament. {:}\" \/>\n<meta property=\"og:url\" content=\"https:\/\/anticdaro.com\/qui-som\/\" \/>\n<meta property=\"og:site_name\" content=\"Antic Dar\u00f3\" \/>\n<meta property=\"article:modified_time\" content=\"2024-07-12T13:23:49+00:00\" \/>\n<meta property=\"og:image\" content=\"https:\/\/anticdaro.com\/wp-content\/uploads\/2016\/10\/1326191485.jpg\" \/>\n\t<meta property=\"og:image:width\" content=\"670\" \/>\n\t<meta property=\"og:image:height\" content=\"469\" \/>\n\t<meta property=\"og:image:type\" content=\"image\/jpeg\" \/>\n<meta name=\"twitter:card\" content=\"summary_large_image\" \/>\n<meta name=\"twitter:label1\" content=\"Tiempo de lectura\" \/>\n\t<meta name=\"twitter:data1\" content=\"2 minutos\" \/>\n<script type=\"application\/ld+json\" class=\"yoast-schema-graph\">{\"@context\":\"https:\/\/schema.org\",\"@graph\":[{\"@type\":\"WebPage\",\"@id\":\"https:\/\/anticdaro.com\/qui-som\/\",\"url\":\"https:\/\/anticdaro.com\/qui-som\/\",\"name\":\"[:ca]Compra, venda, reparaci\u00f3 i restauraci\u00f3 de tota classe de rellotges[:es]Compra, venta, reparaci\u00f3n y restauraci\u00f3n de toda clase de relojes[:en]Compra, venda, reparaci\u00f3 i restauraci\u00f3 de tota classe de rellotges[:]\",\"isPartOf\":{\"@id\":\"https:\/\/anticdaro.com\/#website\"},\"primaryImageOfPage\":{\"@id\":\"https:\/\/anticdaro.com\/qui-som\/#primaryimage\"},\"image\":{\"@id\":\"https:\/\/anticdaro.com\/qui-som\/#primaryimage\"},\"thumbnailUrl\":\"https:\/\/anticdaro.com\/wp-content\/uploads\/2016\/10\/1326191485.jpg\",\"datePublished\":\"2017-01-18T22:19:46+00:00\",\"dateModified\":\"2024-07-12T13:23:49+00:00\",\"description\":\"{:ca}Antic Dar\u00f3 d\u00f3na els serveis de compra, venda, reparaci\u00f3 i restauraci\u00f3 de tota classe de rellotges. Tots els rellotges es venen amb garantia de funcionament. {:es}Antic Dar\u00f3 ofrece servicios de compra, venta, reparaci\u00f3n y restauraci\u00f3n de toda clase de relojes. Todos los relojes se venden con garant\u00eda de funcionamiento{:en}Antic Dar\u00f3 d\u00f3na els serveis de compra, venda, reparaci\u00f3 i restauraci\u00f3 de tota classe de rellotges. Tots els rellotges es venen amb garantia de funcionament. {:}\",\"breadcrumb\":{\"@id\":\"https:\/\/anticdaro.com\/qui-som\/#breadcrumb\"},\"inLanguage\":\"es\",\"potentialAction\":[{\"@type\":\"ReadAction\",\"target\":[\"https:\/\/anticdaro.com\/qui-som\/\"]}]},{\"@type\":\"ImageObject\",\"inLanguage\":\"es\",\"@id\":\"https:\/\/anticdaro.com\/qui-som\/#primaryimage\",\"url\":\"https:\/\/anticdaro.com\/wp-content\/uploads\/2016\/10\/1326191485.jpg\",\"contentUrl\":\"https:\/\/anticdaro.com\/wp-content\/uploads\/2016\/10\/1326191485.jpg\",\"width\":670,\"height\":469,\"caption\":\"[:ca]Serveis de compra, venda, reparaci\u00f3 i restauraci\u00f3 de tota classe de rellotges[:es]Servicios de compra, venta, reparaci\u00f3n y restauraci\u00f3n de todo tipo de relojes. [:]\"},{\"@type\":\"BreadcrumbList\",\"@id\":\"https:\/\/anticdaro.com\/qui-som\/#breadcrumb\",\"itemListElement\":[{\"@type\":\"ListItem\",\"position\":1,\"name\":\"Inici\",\"item\":\"https:\/\/anticdaro.com\/\"},{\"@type\":\"ListItem\",\"position\":2,\"name\":\"QUI SOM?\"}]},{\"@type\":\"WebSite\",\"@id\":\"https:\/\/anticdaro.com\/#website\",\"url\":\"https:\/\/anticdaro.com\/\",\"name\":\"Antic Dar\u00f3\",\"description\":\"Rellotgeria\",\"publisher\":{\"@id\":\"https:\/\/anticdaro.com\/#organization\"},\"potentialAction\":[{\"@type\":\"SearchAction\",\"target\":{\"@type\":\"EntryPoint\",\"urlTemplate\":\"https:\/\/anticdaro.com\/?s={search_term_string}\"},\"query-input\":{\"@type\":\"PropertyValueSpecification\",\"valueRequired\":true,\"valueName\":\"search_term_string\"}}],\"inLanguage\":\"es\"},{\"@type\":\"Organization\",\"@id\":\"https:\/\/anticdaro.com\/#organization\",\"name\":\"Antic Dar\u00f3\",\"url\":\"https:\/\/anticdaro.com\/\",\"logo\":{\"@type\":\"ImageObject\",\"inLanguage\":\"es\",\"@id\":\"https:\/\/anticdaro.com\/#\/schema\/logo\/image\/\",\"url\":\"https:\/\/anticdaro.com\/wp-content\/uploads\/2016\/11\/logo-anticdaro.png\",\"contentUrl\":\"https:\/\/anticdaro.com\/wp-content\/uploads\/2016\/11\/logo-anticdaro.png\",\"width\":299,\"height\":50,\"caption\":\"Antic Dar\u00f3\"},\"image\":{\"@id\":\"https:\/\/anticdaro.com\/#\/schema\/logo\/image\/\"}}]}<\/script>\n<!-- \/ Yoast SEO plugin. -->","yoast_head_json":{"title":"Compra, venta, reparaci\u00f3n y restauraci\u00f3n de toda clase de relojes","description":"Antic Dar\u00f3 ofrece servicios de compra, venta, reparaci\u00f3n y restauraci\u00f3n de toda clase de relojes. Todos los relojes se venden con garant\u00eda de funcionamiento","robots":{"index":"index","follow":"follow","max-snippet":"max-snippet:-1","max-image-preview":"max-image-preview:large","max-video-preview":"max-video-preview:-1"},"canonical":"https:\/\/anticdaro.com\/qui-som\/","og_locale":"es_ES","og_type":"article","og_title":"[:ca]Compra, venda, reparaci\u00f3 i restauraci\u00f3 de tota classe de rellotges[:es]Compra, venta, reparaci\u00f3n y restauraci\u00f3n de toda clase de relojes[:en]Compra, venda, reparaci\u00f3 i restauraci\u00f3 de tota classe de rellotges[:]","og_description":"{:ca}Antic Dar\u00f3 d\u00f3na els serveis de compra, venda, reparaci\u00f3 i restauraci\u00f3 de tota classe de rellotges. Tots els rellotges es venen amb garantia de funcionament. {:es}Antic Dar\u00f3 ofrece servicios de compra, venta, reparaci\u00f3n y restauraci\u00f3n de toda clase de relojes. Todos los relojes se venden con garant\u00eda de funcionamiento{:en}Antic Dar\u00f3 d\u00f3na els serveis de compra, venda, reparaci\u00f3 i restauraci\u00f3 de tota classe de rellotges. Tots els rellotges es venen amb garantia de funcionament. {:}","og_url":"https:\/\/anticdaro.com\/qui-som\/","og_site_name":"Antic Dar\u00f3","article_modified_time":"2024-07-12T13:23:49+00:00","og_image":[{"width":670,"height":469,"url":"https:\/\/anticdaro.com\/wp-content\/uploads\/2016\/10\/1326191485.jpg","type":"image\/jpeg"}],"twitter_card":"summary_large_image","twitter_misc":{"Tiempo de lectura":"2 minutos"},"schema":{"@context":"https:\/\/schema.org","@graph":[{"@type":"WebPage","@id":"https:\/\/anticdaro.com\/qui-som\/","url":"https:\/\/anticdaro.com\/qui-som\/","name":"[:ca]Compra, venda, reparaci\u00f3 i restauraci\u00f3 de tota classe de rellotges[:es]Compra, venta, reparaci\u00f3n y restauraci\u00f3n de toda clase de relojes[:en]Compra, venda, reparaci\u00f3 i restauraci\u00f3 de tota classe de rellotges[:]","isPartOf":{"@id":"https:\/\/anticdaro.com\/#website"},"primaryImageOfPage":{"@id":"https:\/\/anticdaro.com\/qui-som\/#primaryimage"},"image":{"@id":"https:\/\/anticdaro.com\/qui-som\/#primaryimage"},"thumbnailUrl":"https:\/\/anticdaro.com\/wp-content\/uploads\/2016\/10\/1326191485.jpg","datePublished":"2017-01-18T22:19:46+00:00","dateModified":"2024-07-12T13:23:49+00:00","description":"{:ca}Antic Dar\u00f3 d\u00f3na els serveis de compra, venda, reparaci\u00f3 i restauraci\u00f3 de tota classe de rellotges. Tots els rellotges es venen amb garantia de funcionament. {:es}Antic Dar\u00f3 ofrece servicios de compra, venta, reparaci\u00f3n y restauraci\u00f3n de toda clase de relojes. Todos los relojes se venden con garant\u00eda de funcionamiento{:en}Antic Dar\u00f3 d\u00f3na els serveis de compra, venda, reparaci\u00f3 i restauraci\u00f3 de tota classe de rellotges. Tots els rellotges es venen amb garantia de funcionament. {:}","breadcrumb":{"@id":"https:\/\/anticdaro.com\/qui-som\/#breadcrumb"},"inLanguage":"es","potentialAction":[{"@type":"ReadAction","target":["https:\/\/anticdaro.com\/qui-som\/"]}]},{"@type":"ImageObject","inLanguage":"es","@id":"https:\/\/anticdaro.com\/qui-som\/#primaryimage","url":"https:\/\/anticdaro.com\/wp-content\/uploads\/2016\/10\/1326191485.jpg","contentUrl":"https:\/\/anticdaro.com\/wp-content\/uploads\/2016\/10\/1326191485.jpg","width":670,"height":469,"caption":"[:ca]Serveis de compra, venda, reparaci\u00f3 i restauraci\u00f3 de tota classe de rellotges[:es]Servicios de compra, venta, reparaci\u00f3n y restauraci\u00f3n de todo tipo de relojes. [:]"},{"@type":"BreadcrumbList","@id":"https:\/\/anticdaro.com\/qui-som\/#breadcrumb","itemListElement":[{"@type":"ListItem","position":1,"name":"Inici","item":"https:\/\/anticdaro.com\/"},{"@type":"ListItem","position":2,"name":"QUI SOM?"}]},{"@type":"WebSite","@id":"https:\/\/anticdaro.com\/#website","url":"https:\/\/anticdaro.com\/","name":"Antic Dar\u00f3","description":"Rellotgeria","publisher":{"@id":"https:\/\/anticdaro.com\/#organization"},"potentialAction":[{"@type":"SearchAction","target":{"@type":"EntryPoint","urlTemplate":"https:\/\/anticdaro.com\/?s={search_term_string}"},"query-input":{"@type":"PropertyValueSpecification","valueRequired":true,"valueName":"search_term_string"}}],"inLanguage":"es"},{"@type":"Organization","@id":"https:\/\/anticdaro.com\/#organization","name":"Antic Dar\u00f3","url":"https:\/\/anticdaro.com\/","logo":{"@type":"ImageObject","inLanguage":"es","@id":"https:\/\/anticdaro.com\/#\/schema\/logo\/image\/","url":"https:\/\/anticdaro.com\/wp-content\/uploads\/2016\/11\/logo-anticdaro.png","contentUrl":"https:\/\/anticdaro.com\/wp-content\/uploads\/2016\/11\/logo-anticdaro.png","width":299,"height":50,"caption":"Antic Dar\u00f3"},"image":{"@id":"https:\/\/anticdaro.com\/#\/schema\/logo\/image\/"}}]}},"_links":{"self":[{"href":"https:\/\/anticdaro.com\/es\/wp-json\/wp\/v2\/pages\/81"}],"collection":[{"href":"https:\/\/anticdaro.com\/es\/wp-json\/wp\/v2\/pages"}],"about":[{"href":"https:\/\/anticdaro.com\/es\/wp-json\/wp\/v2\/types\/page"}],"author":[{"embeddable":true,"href":"https:\/\/anticdaro.com\/es\/wp-json\/wp\/v2\/users\/2"}],"replies":[{"embeddable":true,"href":"https:\/\/anticdaro.com\/es\/wp-json\/wp\/v2\/comments?post=81"}],"version-history":[{"count":0,"href":"https:\/\/anticdaro.com\/es\/wp-json\/wp\/v2\/pages\/81\/revisions"}],"wp:featuredmedia":[{"embeddable":true,"href":"https:\/\/anticdaro.com\/es\/wp-json\/wp\/v2\/media\/167"}],"wp:attachment":[{"href":"https:\/\/anticdaro.com\/es\/wp-json\/wp\/v2\/media?parent=81"}],"curies":[{"name":"wp","href":"https:\/\/api.w.org\/{rel}","templated":true}]}}